{"id":10295,"date":"2018-04-16T16:10:46","date_gmt":"2018-04-16T14:10:46","guid":{"rendered":"https:\/\/www.vitae.hr\/?page_id=10295"},"modified":"2025-07-21T09:16:22","modified_gmt":"2025-07-21T07:16:22","slug":"imprint","status":"publish","type":"page","link":"https:\/\/www.vitae.hr\/en\/imprint\/","title":{"rendered":"Imprint"},"content":{"rendered":"<p>[vc_row row_content_width=&#8221;grid&#8221; css=&#8221;.vc_custom_1492774421685{padding-top: 83px !important;padding-bottom: 28px !important;}&#8221;][vc_column][vc_column_text]SALUS VITAE Ustanova za zdrastvenu skrb<br \/>\nBurici 30a<br \/>\nHR-52352 Kanfanar, Croatia<\/p>\n<p>Commercial Register: 130069721<br \/>\nRegistration court: Trgova\u010dki sud Pazin<\/p>\n<p><strong>Represented by:<\/strong><br \/>\nDirector: Dr. med. Domagoj \u0160unk<br \/>\nChairman of the Board of Directors: Valentina \u0160unk<\/p>\n<h3>Contact<\/h3>\n<p>Phone: +49 (0) 176 63 77 57 64<br \/>\nE-mail: info@vitae.hr<\/p>\n<h3>VAT ID<\/h3>\n<p>Sales tax identification number according to Sect. 27 a of the Sales Tax Law:<br \/>\nHR96613734652<\/p>\n<h3>Supervisory authority<\/h3>\n<p>Hrvatska Lije\u010dni\u010dka Komora (HLK) Zagreb &#8211; Lizenz Nr.: 24556<br \/>\nUlica Grge Tu\u0161kana 37, Zagreb<\/p>\n<p><a href=\"https:\/\/www.hlk.hr\/\" target=\"_blank\" rel=\"noopener noreferrer\">https:\/\/www.hlk.hr\/<\/a><\/p>\n<h3>Job title and professional regulations<\/h3>\n<p>Job title:<br \/>\nMedical practitioners<\/p>\n<p>Competent chamber:<br \/>\nHrvatska Lije\u010dni\u010dka Komora (HLK) Zagreb<br \/>\nUlica Grge Tu\u0161kana 37, Zagreb<\/p>\n<p>Authorisation granted in:<br \/>\nKroatien<\/p>\n<p>Es gelten folgende berufsrechtliche Regelungen:<\/p>\n<p>Gesundheitsvorschriften \u00c4rztekammer<br \/>\navailable at: <a href=\"https:\/\/www.hlk.hr\/propisi-iz-zdravstva.aspx\" target=\"_blank\" rel=\"noopener noreferrer\">https:\/\/www.hlk.hr\/propisi-iz-zdravstva.aspx<\/a><\/p>\n<h3>Person responsible for editorial<\/h3>\n<p>Dr.med.spec. Domagoj \u0160unk<br \/>\nBurici 30a<br \/>\n52352 Kanfanar<br \/>\nKroatien<\/p>\n<h3>Dispute resolution proceedings in front of a consumer arbitration board<\/h3>\n<p>We are not willing or obliged to participate in dispute resolution proceedings in front of a consumer<br \/>\narbitration board.<\/p>\n<h3><strong>Image rights:<\/strong><\/h3>\n<p>\u00a9 VanHope \/ Adobe Stock, \u00a9 thomaslerchphoto\u00a0\/ Adobe Stock[\/vc_column_text][vc_empty_space height=&#8221;9px&#8221;][\/vc_column][\/vc_row]<\/p>\n","protected":false},"excerpt":{"rendered":"<p>[vc_row row_content_width=&#8221;grid&#8221; css=&#8221;.vc_custom_1492774421685{padding-top: 83px !important;padding-bottom: 28px !important;}&#8221;][vc_column][vc_column_text]SALUS VITAE Ustanova za zdrastvenu skrb Burici 30a HR-52352 Kanfanar, Croatia Commercial Register: 130069721 Registration court: Trgova\u010dki sud Pazin Represented by: Director: Dr. med. Domagoj \u0160unk Chairman of the Board of Directors: Valentina \u0160unk [&hellip;]<\/p>\n","protected":false},"author":1,"featured_media":0,"parent":0,"menu_order":0,"comment_status":"closed","ping_status":"closed","template":"full-width.php","meta":{"footnotes":""},"class_list":["post-10295","page","type-page","status-publish","hentry"],"yoast_head":"<!-- This site is optimized with the Yoast SEO plugin v25.1 - https:\/\/yoast.com\/wordpress\/plugins\/seo\/ -->\n<title>Imprint - Salus Vitae<\/title>\n<meta name=\"robots\" content=\"index, follow, max-snippet:-1, max-image-preview:large, max-video-preview:-1\" \/>\n<link rel=\"canonical\" href=\"https:\/\/www.vitae.hr\/en\/imprint\/\" \/>\n<meta property=\"og:locale\" content=\"en_US\" \/>\n<meta property=\"og:type\" content=\"article\" \/>\n<meta property=\"og:title\" content=\"Imprint - Salus Vitae\" \/>\n<meta property=\"og:description\" content=\"[vc_row row_content_width=&#8221;grid&#8221; css=&#8221;.vc_custom_1492774421685{padding-top: 83px !important;padding-bottom: 28px !important;}&#8221;][vc_column][vc_column_text]SALUS VITAE Ustanova za zdrastvenu skrb Burici 30a HR-52352 Kanfanar, Croatia Commercial Register: 130069721 Registration court: Trgova\u010dki sud Pazin Represented by: Director: Dr. med. Domagoj \u0160unk Chairman of the Board of Directors: Valentina \u0160unk [&hellip;]\" \/>\n<meta property=\"og:url\" content=\"https:\/\/www.vitae.hr\/en\/imprint\/\" \/>\n<meta property=\"og:site_name\" content=\"Salus Vitae\" \/>\n<meta property=\"article:modified_time\" content=\"2025-07-21T07:16:22+00:00\" \/>\n<meta name=\"twitter:card\" content=\"summary_large_image\" \/>\n<meta name=\"twitter:label1\" content=\"Est. reading time\" \/>\n\t<meta name=\"twitter:data1\" content=\"1 minute\" \/>\n<script type=\"application\/ld+json\" class=\"yoast-schema-graph\">{\"@context\":\"https:\/\/schema.org\",\"@graph\":[{\"@type\":\"WebPage\",\"@id\":\"https:\/\/www.vitae.hr\/en\/imprint\/\",\"url\":\"https:\/\/www.vitae.hr\/en\/imprint\/\",\"name\":\"Imprint - Salus Vitae\",\"isPartOf\":{\"@id\":\"https:\/\/www.vitae.hr\/#website\"},\"datePublished\":\"2018-04-16T14:10:46+00:00\",\"dateModified\":\"2025-07-21T07:16:22+00:00\",\"breadcrumb\":{\"@id\":\"https:\/\/www.vitae.hr\/en\/imprint\/#breadcrumb\"},\"inLanguage\":\"en-US\",\"potentialAction\":[{\"@type\":\"ReadAction\",\"target\":[\"https:\/\/www.vitae.hr\/en\/imprint\/\"]}]},{\"@type\":\"BreadcrumbList\",\"@id\":\"https:\/\/www.vitae.hr\/en\/imprint\/#breadcrumb\",\"itemListElement\":[{\"@type\":\"ListItem\",\"position\":1,\"name\":\"Home\",\"item\":\"https:\/\/www.vitae.hr\/en\/\"},{\"@type\":\"ListItem\",\"position\":2,\"name\":\"Imprint\"}]},{\"@type\":\"WebSite\",\"@id\":\"https:\/\/www.vitae.hr\/#website\",\"url\":\"https:\/\/www.vitae.hr\/\",\"name\":\"Salus Vitae\",\"description\":\"Eine weitere WordPress-Seite\",\"potentialAction\":[{\"@type\":\"SearchAction\",\"target\":{\"@type\":\"EntryPoint\",\"urlTemplate\":\"https:\/\/www.vitae.hr\/?s={search_term_string}\"},\"query-input\":{\"@type\":\"PropertyValueSpecification\",\"valueRequired\":true,\"valueName\":\"search_term_string\"}}],\"inLanguage\":\"en-US\"}]}<\/script>\n<!-- \/ Yoast SEO plugin. -->","yoast_head_json":{"title":"Imprint - Salus Vitae","robots":{"index":"index","follow":"follow","max-snippet":"max-snippet:-1","max-image-preview":"max-image-preview:large","max-video-preview":"max-video-preview:-1"},"canonical":"https:\/\/www.vitae.hr\/en\/imprint\/","og_locale":"en_US","og_type":"article","og_title":"Imprint - Salus Vitae","og_description":"[vc_row row_content_width=&#8221;grid&#8221; css=&#8221;.vc_custom_1492774421685{padding-top: 83px !important;padding-bottom: 28px !important;}&#8221;][vc_column][vc_column_text]SALUS VITAE Ustanova za zdrastvenu skrb Burici 30a HR-52352 Kanfanar, Croatia Commercial Register: 130069721 Registration court: Trgova\u010dki sud Pazin Represented by: Director: Dr. med. Domagoj \u0160unk Chairman of the Board of Directors: Valentina \u0160unk [&hellip;]","og_url":"https:\/\/www.vitae.hr\/en\/imprint\/","og_site_name":"Salus Vitae","article_modified_time":"2025-07-21T07:16:22+00:00","twitter_card":"summary_large_image","twitter_misc":{"Est. reading time":"1 minute"},"schema":{"@context":"https:\/\/schema.org","@graph":[{"@type":"WebPage","@id":"https:\/\/www.vitae.hr\/en\/imprint\/","url":"https:\/\/www.vitae.hr\/en\/imprint\/","name":"Imprint - Salus Vitae","isPartOf":{"@id":"https:\/\/www.vitae.hr\/#website"},"datePublished":"2018-04-16T14:10:46+00:00","dateModified":"2025-07-21T07:16:22+00:00","breadcrumb":{"@id":"https:\/\/www.vitae.hr\/en\/imprint\/#breadcrumb"},"inLanguage":"en-US","potentialAction":[{"@type":"ReadAction","target":["https:\/\/www.vitae.hr\/en\/imprint\/"]}]},{"@type":"BreadcrumbList","@id":"https:\/\/www.vitae.hr\/en\/imprint\/#breadcrumb","itemListElement":[{"@type":"ListItem","position":1,"name":"Home","item":"https:\/\/www.vitae.hr\/en\/"},{"@type":"ListItem","position":2,"name":"Imprint"}]},{"@type":"WebSite","@id":"https:\/\/www.vitae.hr\/#website","url":"https:\/\/www.vitae.hr\/","name":"Salus Vitae","description":"Eine weitere WordPress-Seite","potentialAction":[{"@type":"SearchAction","target":{"@type":"EntryPoint","urlTemplate":"https:\/\/www.vitae.hr\/?s={search_term_string}"},"query-input":{"@type":"PropertyValueSpecification","valueRequired":true,"valueName":"search_term_string"}}],"inLanguage":"en-US"}]}},"_links":{"self":[{"href":"https:\/\/www.vitae.hr\/en\/wp-json\/wp\/v2\/pages\/10295","targetHints":{"allow":["GET"]}}],"collection":[{"href":"https:\/\/www.vitae.hr\/en\/wp-json\/wp\/v2\/pages"}],"about":[{"href":"https:\/\/www.vitae.hr\/en\/wp-json\/wp\/v2\/types\/page"}],"author":[{"embeddable":true,"href":"https:\/\/www.vitae.hr\/en\/wp-json\/wp\/v2\/users\/1"}],"replies":[{"embeddable":true,"href":"https:\/\/www.vitae.hr\/en\/wp-json\/wp\/v2\/comments?post=10295"}],"version-history":[{"count":12,"href":"https:\/\/www.vitae.hr\/en\/wp-json\/wp\/v2\/pages\/10295\/revisions"}],"predecessor-version":[{"id":16434,"href":"https:\/\/www.vitae.hr\/en\/wp-json\/wp\/v2\/pages\/10295\/revisions\/16434"}],"wp:attachment":[{"href":"https:\/\/www.vitae.hr\/en\/wp-json\/wp\/v2\/media?parent=10295"}],"curies":[{"name":"wp","href":"https:\/\/api.w.org\/{rel}","templated":true}]}}