{"id":9953,"date":"2017-07-24T18:00:35","date_gmt":"2017-07-24T16:00:35","guid":{"rendered":"http:\/\/svitae.de-web.biz\/?page_id=9953"},"modified":"2025-07-21T09:17:39","modified_gmt":"2025-07-21T07:17:39","slug":"impressum","status":"publish","type":"page","link":"https:\/\/www.vitae.hr\/de\/impressum\/","title":{"rendered":"Impressum"},"content":{"rendered":"<p>[vc_row row_content_width=&#8220;grid&#8220; css=&#8220;.vc_custom_1492774421685{padding-top: 83px !important;padding-bottom: 28px !important;}&#8220;][vc_column][vc_column_text]SALUS VITAE Ustanova za zdrastvenu skrb<br \/>\nBurici 30a<br \/>\nHR-52352 Kanfanar, Croatia<\/p>\n<p>Handelsregister: 130069721<br \/>\nRegistergericht: Trgova\u010dki sud Pazin<\/p>\n<p><strong>Vertreten durch:<\/strong><br \/>\nDirektor: Dr. med. Domagoj \u0160unk<br \/>\nVerwaltungsrat Vorsitzende: Valentina \u0160unk<\/p>\n<h3>Kontakt<\/h3>\n<p>Telefon: +49 (0) 176 63 77 57 64<br \/>\nE-Mail: info@vitae.hr<\/p>\n<h3>Umsatzsteuer-ID<\/h3>\n<p>Umsatzsteuer-Identifikationsnummer gem\u00e4\u00df \u00a7 27 a Umsatzsteuergesetz:<br \/>\nHR96613734652<\/p>\n<h3>Aufsichtsbeh\u00f6rde<\/h3>\n<p>Hrvatska Lije\u010dni\u010dka Komora (HLK) Zagreb &#8211; Lizenz Nr.: 24556<br \/>\nUlica Grge Tu\u0161kana 37, Zagreb<\/p>\n<p><a href=\"https:\/\/www.hlk.hr\/\" target=\"_blank\" rel=\"noopener noreferrer\">https:\/\/www.hlk.hr\/<\/a><\/p>\n<h3>Berufsbezeichnung und berufsrechtliche Regelungen<\/h3>\n<p>Berufsbezeichnung:<br \/>\nArzt<\/p>\n<p>Zust\u00e4ndige Kammer:<br \/>\nHrvatska Lije\u010dni\u010dka Komora (HLK) Zagreb<br \/>\nUlica Grge Tu\u0161kana 37, Zagreb<\/p>\n<p>Verliehen in:<br \/>\nKroatien<\/p>\n<p>Es gelten folgende berufsrechtliche Regelungen:<\/p>\n<p>Gesundheitsvorschriften \u00c4rztekammer<br \/>\neinsehbar unter: <a href=\"https:\/\/www.hlk.hr\/propisi-iz-zdravstva.aspx\" target=\"_blank\" rel=\"noopener noreferrer\">https:\/\/www.hlk.hr\/propisi-iz-zdravstva.aspx<\/a><\/p>\n<h3>Redaktionell verantwortlich<\/h3>\n<p>Dr.med.spec. Domagoj \u0160unk<br \/>\nBurici 30a<br \/>\n52352 Kanfanar<br \/>\nKroatien<\/p>\n<h3>Verbraucher\u00adstreit\u00adbeilegung\/Universal\u00adschlichtungs\u00adstelle<\/h3>\n<p>Wir sind nicht bereit oder verpflichtet, an Streitbeilegungsverfahren vor einer Verbraucherschlichtungsstelle teilzunehmen.<\/p>\n<h3><strong>Bildrechte:<\/strong><\/h3>\n<p>\u00a9 VanHope \/ Adobe Stock, \u00a9 thomaslerchphoto \/ Adobe Stock[\/vc_column_text][vc_empty_space height=&#8220;9px&#8220;][\/vc_column][\/vc_row]<\/p>\n","protected":false},"excerpt":{"rendered":"<p>[vc_row row_content_width=&#8220;grid&#8220; css=&#8220;.vc_custom_1492774421685{padding-top: 83px !important;padding-bottom: 28px !important;}&#8220;][vc_column][vc_column_text]SALUS VITAE Ustanova za zdrastvenu skrb Burici 30a HR-52352 Kanfanar, Croatia Handelsregister: 130069721 Registergericht: Trgova\u010dki sud Pazin Vertreten durch: Direktor: Dr. med. Domagoj \u0160unk Verwaltungsrat Vorsitzende: Valentina \u0160unk Kontakt Telefon: +49 (0) 176 63 [&hellip;]<\/p>\n","protected":false},"author":1,"featured_media":0,"parent":0,"menu_order":0,"comment_status":"closed","ping_status":"closed","template":"full-width.php","meta":{"footnotes":""},"class_list":["post-9953","page","type-page","status-publish","hentry"],"yoast_head":"<!-- This site is optimized with the Yoast SEO plugin v25.1 - https:\/\/yoast.com\/wordpress\/plugins\/seo\/ -->\n<title>Impressum - Salus Vitae<\/title>\n<meta name=\"robots\" content=\"index, follow, max-snippet:-1, max-image-preview:large, max-video-preview:-1\" \/>\n<link rel=\"canonical\" href=\"https:\/\/www.vitae.hr\/de\/impressum\/\" \/>\n<meta property=\"og:locale\" content=\"de_DE\" \/>\n<meta property=\"og:type\" content=\"article\" \/>\n<meta property=\"og:title\" content=\"Impressum - Salus Vitae\" \/>\n<meta property=\"og:description\" content=\"[vc_row row_content_width=&#8220;grid&#8220; css=&#8220;.vc_custom_1492774421685{padding-top: 83px !important;padding-bottom: 28px !important;}&#8220;][vc_column][vc_column_text]SALUS VITAE Ustanova za zdrastvenu skrb Burici 30a HR-52352 Kanfanar, Croatia Handelsregister: 130069721 Registergericht: Trgova\u010dki sud Pazin Vertreten durch: Direktor: Dr. med. Domagoj \u0160unk Verwaltungsrat Vorsitzende: Valentina \u0160unk Kontakt Telefon: +49 (0) 176 63 [&hellip;]\" \/>\n<meta property=\"og:url\" content=\"https:\/\/www.vitae.hr\/de\/impressum\/\" \/>\n<meta property=\"og:site_name\" content=\"Salus Vitae\" \/>\n<meta property=\"article:modified_time\" content=\"2025-07-21T07:17:39+00:00\" \/>\n<meta name=\"twitter:card\" content=\"summary_large_image\" \/>\n<meta name=\"twitter:label1\" content=\"Gesch\u00e4tzte Lesezeit\" \/>\n\t<meta name=\"twitter:data1\" content=\"1\u00a0Minute\" \/>\n<script type=\"application\/ld+json\" class=\"yoast-schema-graph\">{\"@context\":\"https:\/\/schema.org\",\"@graph\":[{\"@type\":\"WebPage\",\"@id\":\"https:\/\/www.vitae.hr\/de\/impressum\/\",\"url\":\"https:\/\/www.vitae.hr\/de\/impressum\/\",\"name\":\"Impressum - Salus Vitae\",\"isPartOf\":{\"@id\":\"https:\/\/www.vitae.hr\/#website\"},\"datePublished\":\"2017-07-24T16:00:35+00:00\",\"dateModified\":\"2025-07-21T07:17:39+00:00\",\"breadcrumb\":{\"@id\":\"https:\/\/www.vitae.hr\/de\/impressum\/#breadcrumb\"},\"inLanguage\":\"de\",\"potentialAction\":[{\"@type\":\"ReadAction\",\"target\":[\"https:\/\/www.vitae.hr\/de\/impressum\/\"]}]},{\"@type\":\"BreadcrumbList\",\"@id\":\"https:\/\/www.vitae.hr\/de\/impressum\/#breadcrumb\",\"itemListElement\":[{\"@type\":\"ListItem\",\"position\":1,\"name\":\"Startseite\",\"item\":\"https:\/\/www.vitae.hr\/de\/\"},{\"@type\":\"ListItem\",\"position\":2,\"name\":\"Impressum\"}]},{\"@type\":\"WebSite\",\"@id\":\"https:\/\/www.vitae.hr\/#website\",\"url\":\"https:\/\/www.vitae.hr\/\",\"name\":\"Salus Vitae\",\"description\":\"Eine weitere WordPress-Seite\",\"potentialAction\":[{\"@type\":\"SearchAction\",\"target\":{\"@type\":\"EntryPoint\",\"urlTemplate\":\"https:\/\/www.vitae.hr\/?s={search_term_string}\"},\"query-input\":{\"@type\":\"PropertyValueSpecification\",\"valueRequired\":true,\"valueName\":\"search_term_string\"}}],\"inLanguage\":\"de\"}]}<\/script>\n<!-- \/ Yoast SEO plugin. -->","yoast_head_json":{"title":"Impressum - Salus Vitae","robots":{"index":"index","follow":"follow","max-snippet":"max-snippet:-1","max-image-preview":"max-image-preview:large","max-video-preview":"max-video-preview:-1"},"canonical":"https:\/\/www.vitae.hr\/de\/impressum\/","og_locale":"de_DE","og_type":"article","og_title":"Impressum - Salus Vitae","og_description":"[vc_row row_content_width=&#8220;grid&#8220; css=&#8220;.vc_custom_1492774421685{padding-top: 83px !important;padding-bottom: 28px !important;}&#8220;][vc_column][vc_column_text]SALUS VITAE Ustanova za zdrastvenu skrb Burici 30a HR-52352 Kanfanar, Croatia Handelsregister: 130069721 Registergericht: Trgova\u010dki sud Pazin Vertreten durch: Direktor: Dr. med. Domagoj \u0160unk Verwaltungsrat Vorsitzende: Valentina \u0160unk Kontakt Telefon: +49 (0) 176 63 [&hellip;]","og_url":"https:\/\/www.vitae.hr\/de\/impressum\/","og_site_name":"Salus Vitae","article_modified_time":"2025-07-21T07:17:39+00:00","twitter_card":"summary_large_image","twitter_misc":{"Gesch\u00e4tzte Lesezeit":"1\u00a0Minute"},"schema":{"@context":"https:\/\/schema.org","@graph":[{"@type":"WebPage","@id":"https:\/\/www.vitae.hr\/de\/impressum\/","url":"https:\/\/www.vitae.hr\/de\/impressum\/","name":"Impressum - Salus Vitae","isPartOf":{"@id":"https:\/\/www.vitae.hr\/#website"},"datePublished":"2017-07-24T16:00:35+00:00","dateModified":"2025-07-21T07:17:39+00:00","breadcrumb":{"@id":"https:\/\/www.vitae.hr\/de\/impressum\/#breadcrumb"},"inLanguage":"de","potentialAction":[{"@type":"ReadAction","target":["https:\/\/www.vitae.hr\/de\/impressum\/"]}]},{"@type":"BreadcrumbList","@id":"https:\/\/www.vitae.hr\/de\/impressum\/#breadcrumb","itemListElement":[{"@type":"ListItem","position":1,"name":"Startseite","item":"https:\/\/www.vitae.hr\/de\/"},{"@type":"ListItem","position":2,"name":"Impressum"}]},{"@type":"WebSite","@id":"https:\/\/www.vitae.hr\/#website","url":"https:\/\/www.vitae.hr\/","name":"Salus Vitae","description":"Eine weitere WordPress-Seite","potentialAction":[{"@type":"SearchAction","target":{"@type":"EntryPoint","urlTemplate":"https:\/\/www.vitae.hr\/?s={search_term_string}"},"query-input":{"@type":"PropertyValueSpecification","valueRequired":true,"valueName":"search_term_string"}}],"inLanguage":"de"}]}},"_links":{"self":[{"href":"https:\/\/www.vitae.hr\/de\/wp-json\/wp\/v2\/pages\/9953","targetHints":{"allow":["GET"]}}],"collection":[{"href":"https:\/\/www.vitae.hr\/de\/wp-json\/wp\/v2\/pages"}],"about":[{"href":"https:\/\/www.vitae.hr\/de\/wp-json\/wp\/v2\/types\/page"}],"author":[{"embeddable":true,"href":"https:\/\/www.vitae.hr\/de\/wp-json\/wp\/v2\/users\/1"}],"replies":[{"embeddable":true,"href":"https:\/\/www.vitae.hr\/de\/wp-json\/wp\/v2\/comments?post=9953"}],"version-history":[{"count":18,"href":"https:\/\/www.vitae.hr\/de\/wp-json\/wp\/v2\/pages\/9953\/revisions"}],"predecessor-version":[{"id":11811,"href":"https:\/\/www.vitae.hr\/de\/wp-json\/wp\/v2\/pages\/9953\/revisions\/11811"}],"wp:attachment":[{"href":"https:\/\/www.vitae.hr\/de\/wp-json\/wp\/v2\/media?parent=9953"}],"curies":[{"name":"wp","href":"https:\/\/api.w.org\/{rel}","templated":true}]}}